{"id":2293,"date":"2023-03-17T08:34:19","date_gmt":"2023-03-17T08:34:19","guid":{"rendered":"https:\/\/www.sevalcikolata.com\/?page_id=2293"},"modified":"2023-03-22T20:24:11","modified_gmt":"2023-03-22T20:24:11","slug":"siparis","status":"publish","type":"page","link":"https:\/\/www.sevalcikolata.com\/es\/siparis\/","title":{"rendered":"ORDEN"},"content":{"rendered":"<p>[vc_row][vc_column]\r\n\r\n\t<div class=\"sh-heading sh-heading-style1\" id=\"heading-kcVxSHoqF6\">\r\n\t\t<h2 class=\"sh-heading-content size-xl\">\r\n\t\t\t<\/span>\n<span style=\"text-align: left;\">Formulario de pedido anticipado<\/span>\n<span>\t\t<\/h2>\r\n\t<\/div>\r\n\r\n            <style type=\"text\/css\">\r\n                #heading-kcVxSHoqF6 .sh-heading-content {font-weight: 300!important;color: #363636;}            <\/style>\r\n        \r\n            \r\n            <div class=\"sh-empty-space vc_empty_space sh-empty-space-hJt07cGkmw  \" style=\"height: 15px\">\r\n                <span class=\"vc_empty_space_inner\"><\/span>\r\n            <\/div>\r\n\r\n        [vc_column_text]Puede enviarnos todos sus pedidos de productos a trav\u00e9s de los formularios.[\/vc_column_text][vc_tta_tabs][vc_tta_section i_icon_fontawesome=&#8221;fas fa-braille&#8221; add_icon=&#8221;true&#8221; title=&#8221;CHOCOLATE&#8221; tab_id=&#8221;1679053033900-951f92d6-ca1f&#8221;][vc_column_text]<img loading=\"lazy\" decoding=\"async\" class=\"size-medium wp-image-2218 alignleft\" src=\"https:\/\/www.sevalcikolata.com\/wp-content\/uploads\/2023\/03\/seval-bar1-297x300.png\" alt=\"\" width=\"297\" height=\"300\" srcset=\"https:\/\/www.sevalcikolata.com\/wp-content\/uploads\/2023\/03\/seval-bar1-297x300.png 297w, https:\/\/www.sevalcikolata.com\/wp-content\/uploads\/2023\/03\/seval-bar1-100x100.png 100w, https:\/\/www.sevalcikolata.com\/wp-content\/uploads\/2023\/03\/seval-bar1.png 327w\" sizes=\"auto, (max-width: 297px) 100vw, 297px\" \/>\n<div class=\"wpcf7 no-js\" id=\"wpcf7-f7-o1\" lang=\"tr-TR\" dir=\"ltr\" data-wpcf7-id=\"7\">\n<div class=\"screen-reader-response\"><p role=\"status\" aria-live=\"polite\" aria-atomic=\"true\"><\/p> <ul><\/ul><\/div>\n<form action=\"\/es\/wp-json\/wp\/v2\/pages\/2293#wpcf7-f7-o1\" method=\"post\" class=\"wpcf7-form init\" aria-label=\"\u0130leti\u015fim Formu\" novalidate=\"novalidate\" data-status=\"init\">\n<fieldset class=\"hidden-fields-container\"><input type=\"hidden\" name=\"_wpcf7\" value=\"7\" \/><input type=\"hidden\" name=\"_wpcf7_version\" value=\"6.1.5\" \/><input type=\"hidden\" name=\"_wpcf7_locale\" value=\"tr_TR\" \/><input type=\"hidden\" name=\"_wpcf7_unit_tag\" value=\"wpcf7-f7-o1\" \/><input type=\"hidden\" name=\"_wpcf7_container_post\" value=\"0\" \/><input type=\"hidden\" name=\"_wpcf7_posted_data_hash\" value=\"\" \/><input type=\"hidden\" name=\"lang\" value=\"es\" \/>\n<\/fieldset>\n<div class=\"sh-cf7-body\"><div class=\"row\">\n\t<div class=\"col-md-6\">\n\t\t<p><span class=\"wpcf7-form-control-wrap\" data-name=\"first-name\"><input size=\"40\" maxlength=\"400\" class=\"wpcf7-form-control wpcf7-text wpcf7-validates-as-required\" aria-required=\"true\" aria-invalid=\"false\" placeholder=\"Ad\u0131n\u0131z Soyad\u0131n\u0131z*\" value=\"\" type=\"text\" name=\"first-name\" \/><\/span>\n\t\t<\/p>\n\t<\/div>\n\t<div class=\"col-md-6\">\n\t\t<p><span class=\"wpcf7-form-control-wrap\" data-name=\"eposta-tel\"><input size=\"40\" maxlength=\"400\" class=\"wpcf7-form-control wpcf7-text wpcf7-validates-as-required\" aria-required=\"true\" aria-invalid=\"false\" placeholder=\"Eposta-Telefon*\" value=\"\" type=\"text\" name=\"eposta-tel\" \/><\/span>\n\t\t<\/p>\n\t<\/div>\n\t<div class=\"col-md-6\">\n\t\t<p><span class=\"wpcf7-form-control-wrap\" data-name=\"siparis\"><input size=\"40\" maxlength=\"400\" class=\"wpcf7-form-control wpcf7-text wpcf7-validates-as-required\" aria-required=\"true\" aria-invalid=\"false\" placeholder=\"Sipari\u015f \u0130\u00e7eri\u011fi*\" value=\"\" type=\"text\" name=\"siparis\" \/><\/span>\n\t\t<\/p>\n\t<\/div>\n\t<div class=\"col-md-6\">\n\t\t<p><span class=\"wpcf7-form-control-wrap\" data-name=\"urun\"><input size=\"40\" maxlength=\"400\" class=\"wpcf7-form-control wpcf7-text wpcf7-validates-as-required\" aria-required=\"true\" aria-invalid=\"false\" placeholder=\"\u00dcr\u00fcn Ad\u0131\/No\" value=\"\" type=\"text\" name=\"urun\" \/><\/span>\n\t\t<\/p>\n\t<\/div>\n<\/div>\n<div class=\"text-center\">\n\t<p><input class=\"wpcf7-form-control wpcf7-submit has-spinner\" type=\"submit\" value=\"G\u00d6NDER\" \/>\n\t<\/p>\n<\/div><\/div><div class=\"wpcf7-response-output\" aria-hidden=\"true\"><\/div>\n<\/form>\n<\/div>\n[\/vc_column_text][\/vc_tta_section][vc_tta_section i_icon_fontawesome=&#8221;fas fa-candy-cane&#8221; add_icon=&#8221;true&#8221; title=&#8221;CONFITER\u00cdA&#8221; tab_id=&#8221;1679053033901-1d93bce1-fb2f&#8221;][vc_column_text]<img loading=\"lazy\" decoding=\"async\" class=\"size-medium wp-image-2219 alignleft\" src=\"https:\/\/www.sevalcikolata.com\/wp-content\/uploads\/2023\/03\/seval-bar2-297x300.png\" alt=\"\" width=\"297\" height=\"300\" srcset=\"https:\/\/www.sevalcikolata.com\/wp-content\/uploads\/2023\/03\/seval-bar2-297x300.png 297w, https:\/\/www.sevalcikolata.com\/wp-content\/uploads\/2023\/03\/seval-bar2-100x100.png 100w, https:\/\/www.sevalcikolata.com\/wp-content\/uploads\/2023\/03\/seval-bar2.png 327w\" sizes=\"auto, (max-width: 297px) 100vw, 297px\" \/>\n<div class=\"wpcf7 no-js\" id=\"wpcf7-f2299-o2\" lang=\"tr-TR\" dir=\"ltr\" data-wpcf7-id=\"2299\">\n<div class=\"screen-reader-response\"><p role=\"status\" aria-live=\"polite\" aria-atomic=\"true\"><\/p> <ul><\/ul><\/div>\n<form action=\"\/es\/wp-json\/wp\/v2\/pages\/2293#wpcf7-f2299-o2\" method=\"post\" class=\"wpcf7-form init\" aria-label=\"\u0130leti\u015fim Formu\" novalidate=\"novalidate\" data-status=\"init\">\n<fieldset class=\"hidden-fields-container\"><input type=\"hidden\" name=\"_wpcf7\" value=\"2299\" \/><input type=\"hidden\" name=\"_wpcf7_version\" value=\"6.1.5\" \/><input type=\"hidden\" name=\"_wpcf7_locale\" value=\"tr_TR\" \/><input type=\"hidden\" name=\"_wpcf7_unit_tag\" value=\"wpcf7-f2299-o2\" \/><input type=\"hidden\" name=\"_wpcf7_container_post\" value=\"0\" \/><input type=\"hidden\" name=\"_wpcf7_posted_data_hash\" value=\"\" \/><input type=\"hidden\" name=\"lang\" value=\"es\" \/>\n<\/fieldset>\n<div class=\"sh-cf7-body\"><div class=\"row\">\n\t<div class=\"col-md-6\">\n\t\t<p><span class=\"wpcf7-form-control-wrap\" data-name=\"first-name\"><input size=\"40\" maxlength=\"400\" class=\"wpcf7-form-control wpcf7-text wpcf7-validates-as-required\" aria-required=\"true\" aria-invalid=\"false\" placeholder=\"Ad\u0131n\u0131z Soyad\u0131n\u0131z*\" value=\"\" type=\"text\" name=\"first-name\" \/><\/span>\n\t\t<\/p>\n\t<\/div>\n\t<div class=\"col-md-6\">\n\t\t<p><span class=\"wpcf7-form-control-wrap\" data-name=\"eposta-tel\"><input size=\"40\" maxlength=\"400\" class=\"wpcf7-form-control wpcf7-text wpcf7-validates-as-required\" aria-required=\"true\" aria-invalid=\"false\" placeholder=\"Eposta-Telefon*\" value=\"\" type=\"text\" name=\"eposta-tel\" \/><\/span>\n\t\t<\/p>\n\t<\/div>\n\t<div class=\"col-md-6\">\n\t\t<p><span class=\"wpcf7-form-control-wrap\" data-name=\"siparis\"><input size=\"40\" maxlength=\"400\" class=\"wpcf7-form-control wpcf7-text wpcf7-validates-as-required\" aria-required=\"true\" aria-invalid=\"false\" placeholder=\"Sipari\u015f \u0130\u00e7eri\u011fi*\" value=\"\" type=\"text\" name=\"siparis\" \/><\/span>\n\t\t<\/p>\n\t<\/div>\n\t<div class=\"col-md-6\">\n\t\t<p><span class=\"wpcf7-form-control-wrap\" data-name=\"urun\"><input size=\"40\" maxlength=\"400\" class=\"wpcf7-form-control wpcf7-text wpcf7-validates-as-required\" aria-required=\"true\" aria-invalid=\"false\" placeholder=\"\u00dcr\u00fcn Ad\u0131\/No\" value=\"\" type=\"text\" name=\"urun\" \/><\/span>\n\t\t<\/p>\n\t<\/div>\n<\/div>\n<div class=\"text-center\">\n\t<p><input class=\"wpcf7-form-control wpcf7-submit has-spinner\" type=\"submit\" value=\"G\u00d6NDER\" \/>\n\t<\/p>\n<\/div><\/div><div class=\"wpcf7-response-output\" aria-hidden=\"true\"><\/div>\n<\/form>\n<\/div>\n[\/vc_column_text][\/vc_tta_section][vc_tta_section i_icon_fontawesome=&#8221;fas fa-gift&#8221; add_icon=&#8221;true&#8221; title=&#8221;REGALO&#8221; tab_id=&#8221;1679053673692-2300c61a-6d79&#8243;][vc_column_text]<img loading=\"lazy\" decoding=\"async\" class=\"size-medium wp-image-2220 alignleft\" src=\"https:\/\/www.sevalcikolata.com\/wp-content\/uploads\/2023\/03\/seval-bar3-297x300.png\" alt=\"\" width=\"297\" height=\"300\" srcset=\"https:\/\/www.sevalcikolata.com\/wp-content\/uploads\/2023\/03\/seval-bar3-297x300.png 297w, https:\/\/www.sevalcikolata.com\/wp-content\/uploads\/2023\/03\/seval-bar3-100x100.png 100w, https:\/\/www.sevalcikolata.com\/wp-content\/uploads\/2023\/03\/seval-bar3.png 327w\" sizes=\"auto, (max-width: 297px) 100vw, 297px\" \/>\n<div class=\"wpcf7 no-js\" id=\"wpcf7-f2299-o3\" lang=\"tr-TR\" dir=\"ltr\" data-wpcf7-id=\"2299\">\n<div class=\"screen-reader-response\"><p role=\"status\" aria-live=\"polite\" aria-atomic=\"true\"><\/p> <ul><\/ul><\/div>\n<form action=\"\/es\/wp-json\/wp\/v2\/pages\/2293#wpcf7-f2299-o3\" method=\"post\" class=\"wpcf7-form init\" aria-label=\"\u0130leti\u015fim Formu\" novalidate=\"novalidate\" data-status=\"init\">\n<fieldset class=\"hidden-fields-container\"><input type=\"hidden\" name=\"_wpcf7\" value=\"2299\" \/><input type=\"hidden\" name=\"_wpcf7_version\" value=\"6.1.5\" \/><input type=\"hidden\" name=\"_wpcf7_locale\" value=\"tr_TR\" \/><input type=\"hidden\" name=\"_wpcf7_unit_tag\" value=\"wpcf7-f2299-o3\" \/><input type=\"hidden\" name=\"_wpcf7_container_post\" value=\"0\" \/><input type=\"hidden\" name=\"_wpcf7_posted_data_hash\" value=\"\" \/><input type=\"hidden\" name=\"lang\" value=\"es\" \/>\n<\/fieldset>\n<div class=\"sh-cf7-body\"><div class=\"row\">\n\t<div class=\"col-md-6\">\n\t\t<p><span class=\"wpcf7-form-control-wrap\" data-name=\"first-name\"><input size=\"40\" maxlength=\"400\" class=\"wpcf7-form-control wpcf7-text wpcf7-validates-as-required\" aria-required=\"true\" aria-invalid=\"false\" placeholder=\"Ad\u0131n\u0131z Soyad\u0131n\u0131z*\" value=\"\" type=\"text\" name=\"first-name\" \/><\/span>\n\t\t<\/p>\n\t<\/div>\n\t<div class=\"col-md-6\">\n\t\t<p><span class=\"wpcf7-form-control-wrap\" data-name=\"eposta-tel\"><input size=\"40\" maxlength=\"400\" class=\"wpcf7-form-control wpcf7-text wpcf7-validates-as-required\" aria-required=\"true\" aria-invalid=\"false\" placeholder=\"Eposta-Telefon*\" value=\"\" type=\"text\" name=\"eposta-tel\" \/><\/span>\n\t\t<\/p>\n\t<\/div>\n\t<div class=\"col-md-6\">\n\t\t<p><span class=\"wpcf7-form-control-wrap\" data-name=\"siparis\"><input size=\"40\" maxlength=\"400\" class=\"wpcf7-form-control wpcf7-text wpcf7-validates-as-required\" aria-required=\"true\" aria-invalid=\"false\" placeholder=\"Sipari\u015f \u0130\u00e7eri\u011fi*\" value=\"\" type=\"text\" name=\"siparis\" \/><\/span>\n\t\t<\/p>\n\t<\/div>\n\t<div class=\"col-md-6\">\n\t\t<p><span class=\"wpcf7-form-control-wrap\" data-name=\"urun\"><input size=\"40\" maxlength=\"400\" class=\"wpcf7-form-control wpcf7-text wpcf7-validates-as-required\" aria-required=\"true\" aria-invalid=\"false\" placeholder=\"\u00dcr\u00fcn Ad\u0131\/No\" value=\"\" type=\"text\" name=\"urun\" \/><\/span>\n\t\t<\/p>\n\t<\/div>\n<\/div>\n<div class=\"text-center\">\n\t<p><input class=\"wpcf7-form-control wpcf7-submit has-spinner\" type=\"submit\" value=\"G\u00d6NDER\" \/>\n\t<\/p>\n<\/div><\/div><div class=\"wpcf7-response-output\" aria-hidden=\"true\"><\/div>\n<\/form>\n<\/div>\n[\/vc_column_text][\/vc_tta_section][\/vc_tta_tabs][\/vc_column][\/vc_row]<\/p>\n","protected":false},"excerpt":{"rendered":"<p>[vc_row][vc_column] Formulario de pedido anticipado [vc_column_text]Puede enviarnos todos sus pedidos de productos a trav\u00e9s de los formularios.[\/vc_column_text][vc_tta_tabs][vc_tta_section i_icon_fontawesome=&#8221;fas fa-braille&#8221; add_icon=&#8221;true&#8221; title=&#8221;CHOCOLATE&#8221; tab_id=&#8221;1679053033900-951f92d6-ca1f&#8221;][vc_column_text] [\/vc_column_text][\/vc_tta_section][vc_tta_section i_icon_fontawesome=&#8221;fas fa-candy-cane&#8221; add_icon=&#8221;true&#8221; title=&#8221;CONFITER\u00cdA&#8221; tab_id=&#8221;1679053033901-1d93bce1-fb2f&#8221;][vc_column_text] [\/vc_column_text][\/vc_tta_section][vc_tta_section i_icon_fontawesome=&#8221;fas fa-gift&#8221; add_icon=&#8221;true&#8221; title=&#8221;REGALO&#8221; tab_id=&#8221;1679053673692-2300c61a-6d79&#8243;][vc_column_text] [\/vc_column_text][\/vc_tta_section][\/vc_tta_tabs][\/vc_column][\/vc_row]<\/p>\n","protected":false},"author":1,"featured_media":0,"parent":0,"menu_order":0,"comment_status":"closed","ping_status":"closed","template":"","meta":{"footnotes":""},"class_list":["post-2293","page","type-page","status-publish","hentry"],"amp_enabled":true,"_links":{"self":[{"href":"https:\/\/www.sevalcikolata.com\/es\/wp-json\/wp\/v2\/pages\/2293","targetHints":{"allow":["GET"]}}],"collection":[{"href":"https:\/\/www.sevalcikolata.com\/es\/wp-json\/wp\/v2\/pages"}],"about":[{"href":"https:\/\/www.sevalcikolata.com\/es\/wp-json\/wp\/v2\/types\/page"}],"author":[{"embeddable":true,"href":"https:\/\/www.sevalcikolata.com\/es\/wp-json\/wp\/v2\/users\/1"}],"replies":[{"embeddable":true,"href":"https:\/\/www.sevalcikolata.com\/es\/wp-json\/wp\/v2\/comments?post=2293"}],"version-history":[{"count":16,"href":"https:\/\/www.sevalcikolata.com\/es\/wp-json\/wp\/v2\/pages\/2293\/revisions"}],"predecessor-version":[{"id":2527,"href":"https:\/\/www.sevalcikolata.com\/es\/wp-json\/wp\/v2\/pages\/2293\/revisions\/2527"}],"wp:attachment":[{"href":"https:\/\/www.sevalcikolata.com\/es\/wp-json\/wp\/v2\/media?parent=2293"}],"curies":[{"name":"wp","href":"https:\/\/api.w.org\/{rel}","templated":true}]}}