{"id":2657,"date":"2023-06-13T20:22:10","date_gmt":"2023-06-13T20:22:10","guid":{"rendered":"https:\/\/www.sevalcikolata.com\/?post_type=product&#038;p=2657"},"modified":"2023-06-15T19:07:57","modified_gmt":"2023-06-15T19:07:57","slug":"milky","status":"publish","type":"product","link":"https:\/\/www.sevalcikolata.com\/es\/urun\/milky\/","title":{"rendered":"Milky S\u00fct Aromal\u0131 Dolgulu Yumu\u015fak \u015eeker"},"content":{"rendered":"","protected":false},"excerpt":{"rendered":"","protected":false},"featured_media":2658,"template":"","meta":[],"product_brand":[],"product_cat":[37],"product_tag":[380],"class_list":{"0":"post-2657","1":"product","2":"type-product","3":"status-publish","4":"has-post-thumbnail","6":"product_cat-sekerleme","7":"product_tag-milky","9":"first","10":"instock","11":"shipping-taxable","12":"product-type-simple"},"amp_enabled":true,"_links":{"self":[{"href":"https:\/\/www.sevalcikolata.com\/es\/wp-json\/wp\/v2\/product\/2657","targetHints":{"allow":["GET"]}}],"collection":[{"href":"https:\/\/www.sevalcikolata.com\/es\/wp-json\/wp\/v2\/product"}],"about":[{"href":"https:\/\/www.sevalcikolata.com\/es\/wp-json\/wp\/v2\/types\/product"}],"wp:featuredmedia":[{"embeddable":true,"href":"https:\/\/www.sevalcikolata.com\/es\/wp-json\/wp\/v2\/media\/2658"}],"wp:attachment":[{"href":"https:\/\/www.sevalcikolata.com\/es\/wp-json\/wp\/v2\/media?parent=2657"}],"wp:term":[{"taxonomy":"product_brand","embeddable":true,"href":"https:\/\/www.sevalcikolata.com\/es\/wp-json\/wp\/v2\/product_brand?post=2657"},{"taxonomy":"product_cat","embeddable":true,"href":"https:\/\/www.sevalcikolata.com\/es\/wp-json\/wp\/v2\/product_cat?post=2657"},{"taxonomy":"product_tag","embeddable":true,"href":"https:\/\/www.sevalcikolata.com\/es\/wp-json\/wp\/v2\/product_tag?post=2657"}],"curies":[{"name":"wp","href":"https:\/\/api.w.org\/{rel}","templated":true}]}}