{"id":2667,"date":"2023-06-13T20:26:16","date_gmt":"2023-06-13T20:26:16","guid":{"rendered":"https:\/\/www.sevalcikolata.com\/?post_type=product&#038;p=2667"},"modified":"2023-06-15T19:07:02","modified_gmt":"2023-06-15T19:07:02","slug":"toffe","status":"publish","type":"product","link":"https:\/\/www.sevalcikolata.com\/es\/urun\/toffe\/","title":{"rendered":"Toffe Meyve Aromal\u0131 Dolgulu Yumu\u015fak \u015eeker"},"content":{"rendered":"","protected":false},"excerpt":{"rendered":"","protected":false},"featured_media":2668,"template":"","meta":[],"product_brand":[],"product_cat":[37],"product_tag":[384],"class_list":{"0":"post-2667","1":"product","2":"type-product","3":"status-publish","4":"has-post-thumbnail","6":"product_cat-sekerleme","7":"product_tag-toffe","8":"pif-has-gallery","10":"first","11":"instock","12":"shipping-taxable","13":"product-type-simple"},"amp_enabled":true,"_links":{"self":[{"href":"https:\/\/www.sevalcikolata.com\/es\/wp-json\/wp\/v2\/product\/2667","targetHints":{"allow":["GET"]}}],"collection":[{"href":"https:\/\/www.sevalcikolata.com\/es\/wp-json\/wp\/v2\/product"}],"about":[{"href":"https:\/\/www.sevalcikolata.com\/es\/wp-json\/wp\/v2\/types\/product"}],"wp:featuredmedia":[{"embeddable":true,"href":"https:\/\/www.sevalcikolata.com\/es\/wp-json\/wp\/v2\/media\/2668"}],"wp:attachment":[{"href":"https:\/\/www.sevalcikolata.com\/es\/wp-json\/wp\/v2\/media?parent=2667"}],"wp:term":[{"taxonomy":"product_brand","embeddable":true,"href":"https:\/\/www.sevalcikolata.com\/es\/wp-json\/wp\/v2\/product_brand?post=2667"},{"taxonomy":"product_cat","embeddable":true,"href":"https:\/\/www.sevalcikolata.com\/es\/wp-json\/wp\/v2\/product_cat?post=2667"},{"taxonomy":"product_tag","embeddable":true,"href":"https:\/\/www.sevalcikolata.com\/es\/wp-json\/wp\/v2\/product_tag?post=2667"}],"curies":[{"name":"wp","href":"https:\/\/api.w.org\/{rel}","templated":true}]}}