{"id":2,"date":"2023-03-12T20:49:54","date_gmt":"2023-03-12T20:49:54","guid":{"rendered":"https:\/\/www.sevalcikolata.com\/?page_id=2"},"modified":"2023-06-13T20:34:41","modified_gmt":"2023-06-13T20:34:41","slug":"kurumsal","status":"publish","type":"page","link":"https:\/\/www.sevalcikolata.com\/sa\/kurumsal\/","title":{"rendered":"KURUMSAL"},"content":{"rendered":"<p>[vc_row][vc_column][vc_tta_tour style=&#8221;modern&#8221; shape=&#8221;square&#8221; color=&#8221;juicy-pink&#8221; gap=&#8221;3&#8243; active_section=&#8221;1&#8243; no_fill_content_area=&#8221;true&#8221;][vc_tta_section i_icon_fontawesome=&#8221;fas fa-compress-arrows-alt&#8221; add_icon=&#8221;true&#8221; title=&#8221;Hakk\u0131m\u0131zda&#8221; tab_id=&#8221;1678904830332-80d4b9da-3fe2&#8243;][vc_column_text]<img loading=\"lazy\" decoding=\"async\" class=\"size-medium wp-image-2268 alignleft\" src=\"https:\/\/www.sevalcikolata.com\/wp-content\/uploads\/2023\/03\/kurumsal_min_3-300x225.jpg\" alt=\"\" width=\"300\" height=\"225\" srcset=\"https:\/\/www.sevalcikolata.com\/wp-content\/uploads\/2023\/03\/kurumsal_min_3-300x225.jpg 300w, https:\/\/www.sevalcikolata.com\/wp-content\/uploads\/2023\/03\/kurumsal_min_3.jpg 601w\" sizes=\"auto, (max-width: 300px) 100vw, 300px\" \/>Seval \u00c7ikolata ve \u015eekerleme, 1987 y\u0131l\u0131nda Konya&#8217;da kurulmu\u015f bir \u015fekerleme ve \u00e7ikolata \u00fcreticisidir. \u015eirketimiz, 36 y\u0131ldan fazla bir s\u00fcredir a\u011f\u0131zlar\u0131 tatland\u0131ran lezzetler \u00fcretmeye devam ediyor. \u0130ki bin metrekarelik modern ve hijyenik \u00fcretim tesisimiz, Konya \u015eekerciler Sanayi Sitesi&#8217;nde yer al\u0131yor. Alan\u0131nda uzman ve deneyimli personelimizle \u00fcretim yap\u0131yoruz.<\/p>\n<p>\u00dcr\u00fcnlerimiz, \u00e7ikolata, \u015fekerleme ve hediyelik \u00fcr\u00fcnler olmak \u00fczere \u00fc\u00e7 farkl\u0131 grupta t\u00fcketicilere sunulmaktad\u0131r. Kaliteden \u00f6d\u00fcn vermeden yap\u0131lan imalat felsefesi ile y\u0131llard\u0131r T\u00fcrk t\u00fcketicisinin be\u011fenisini kazanan Seval \u00c7ikolata ve \u015eekerleme, d\u00fcnya pazarlar\u0131nda da be\u011fenilen bir marka olmak i\u00e7in \u00e7al\u0131\u015fmalar\u0131n\u0131 s\u00fcrd\u00fcr\u00fcyor.<\/p>\n<p>2009 y\u0131l\u0131nda kurulan ihracat departman\u0131m\u0131z sayesinde, k\u0131sa bir s\u00fcre i\u00e7erisinde 3 k\u0131tada 30&#8217;den fazla \u00fclkeye ihracat yapmaya ba\u015flad\u0131k. Hedefimiz, daha \u00e7ok b\u00f6lgede, daha \u00e7ok t\u00fcketiciye ula\u015farak kaliteli \u00fcr\u00fcnlerimizi sunmak ve d\u00fcnya \u00e7ap\u0131nda bir marka haline gelmektir. Etkin pazarlama faaliyetleri ve kaliteli \u00fcr\u00fcnlerle daha fazla insan\u0131n Seval \u00c7ikolata ve \u015eekerleme markas\u0131n\u0131 tan\u0131mas\u0131n\u0131 sa\u011flamaya \u00e7al\u0131\u015f\u0131yoruz.<\/p>\n<p>\u015eirketimizin ba\u015far\u0131s\u0131n\u0131, m\u00fc\u015fterilerimizin memnuniyetine bor\u00e7luyuz. Bu nedenle, m\u00fc\u015fterilerimizin ihtiya\u00e7lar\u0131n\u0131 anlamak ve taleplerine uygun \u00fcr\u00fcnler sunmak i\u00e7in \u00e7al\u0131\u015f\u0131yoruz. Seval \u00c7ikolata ve \u015eekerleme olarak, her zaman kalite, hijyen ve m\u00fc\u015fteri memnuniyetine \u00f6nem veriyoruz.[\/vc_column_text][\/vc_tta_section][vc_tta_section i_icon_fontawesome=&#8221;fas fa-compress-arrows-alt&#8221; add_icon=&#8221;true&#8221; title=&#8221;Vizyonumuz&#8221; tab_id=&#8221;1678904830333-7df8e739-f13e&#8221;][vc_column_text]<img loading=\"lazy\" decoding=\"async\" class=\"size-medium wp-image-2270 alignleft\" src=\"https:\/\/www.sevalcikolata.com\/wp-content\/uploads\/2023\/03\/kurumsal_big_4-300x300.jpg\" alt=\"\" width=\"300\" height=\"300\" srcset=\"https:\/\/www.sevalcikolata.com\/wp-content\/uploads\/2023\/03\/kurumsal_big_4-300x300.jpg 300w, https:\/\/www.sevalcikolata.com\/wp-content\/uploads\/2023\/03\/kurumsal_big_4-800x800.jpg 800w, https:\/\/www.sevalcikolata.com\/wp-content\/uploads\/2023\/03\/kurumsal_big_4-100x100.jpg 100w, https:\/\/www.sevalcikolata.com\/wp-content\/uploads\/2023\/03\/kurumsal_big_4-600x600.jpg 600w, https:\/\/www.sevalcikolata.com\/wp-content\/uploads\/2023\/03\/kurumsal_big_4-1024x1024.jpg 1024w, https:\/\/www.sevalcikolata.com\/wp-content\/uploads\/2023\/03\/kurumsal_big_4-768x768.jpg 768w, https:\/\/www.sevalcikolata.com\/wp-content\/uploads\/2023\/03\/kurumsal_big_4-660x660.jpg 660w, https:\/\/www.sevalcikolata.com\/wp-content\/uploads\/2023\/03\/kurumsal_big_4-150x150.jpg 150w, https:\/\/www.sevalcikolata.com\/wp-content\/uploads\/2023\/03\/kurumsal_big_4.jpg 1137w\" sizes=\"auto, (max-width: 300px) 100vw, 300px\" \/><\/p>\n<p>Seval \u00c7ikolata ve \u015eekerleme olarak, d\u00fcnya genelinde tatl\u0131 bir lezzet deneyimi sunan bir marka olma hedefimiz var. M\u00fc\u015fterilerimizin ihtiya\u00e7lar\u0131n\u0131 anlamak, kaliteli \u00fcr\u00fcnler sunmak ve s\u00fcrekli yeniliklerle kendimizi geli\u015ftirmek i\u00e7in \u00e7al\u0131\u015f\u0131yoruz. Daha fazla b\u00f6lgede, daha fazla t\u00fcketiciye ula\u015farak d\u00fcnya \u00e7ap\u0131nda tan\u0131nan bir marka haline gelmek istiyoruz. Bu hedefimize ula\u015fmak i\u00e7in, \u00fcr\u00fcn yelpazemizi geni\u015fletiyor, modern teknolojileri takip ediyor ve \u00e7al\u0131\u015fanlar\u0131m\u0131z\u0131n geli\u015fimine \u00f6nem veriyoruz. En kaliteli malzemeleri kullanarak \u00fcretti\u011fimiz \u00fcr\u00fcnlerimizi, m\u00fc\u015fterilerimizin beklentilerini her zaman en \u00fcst seviyede kar\u015f\u0131layacak \u015fekilde sunmay\u0131 hedefliyoruz. Vizyonumuz, m\u00fc\u015fterilerimizin Seval \u00c7ikolata ve \u015eekerleme markas\u0131n\u0131 d\u00fcnya genelinde tatl\u0131 bir lezzet deneyimiyle \u00f6zde\u015fle\u015ftirdi\u011fi bir marka haline gelmek.[\/vc_column_text][\/vc_tta_section][vc_tta_section i_icon_fontawesome=&#8221;fas fa-compress-arrows-alt&#8221; add_icon=&#8221;true&#8221; title=&#8221;Misyonumuz&#8221; tab_id=&#8221;1678904975097-c259ddf8-bb6d&#8221;][vc_column_text]Seval \u00c7ikolata ve \u015eekerleme olarak misyonumuz, t\u00fcketicilerimize her zaman en kaliteli, lezzetli ve sa\u011fl\u0131kl\u0131 \u015fekerleme, \u00c7ikolata ve hediyelik \u00fcr\u00fcnler sunmak. Bu misyon, m\u00fc\u015fterilerimizin tatl\u0131 ihtiya\u00e7lar\u0131n\u0131 kar\u015f\u0131lamak ve onlar\u0131n hayatlar\u0131na tat katmak i\u00e7in tasarlanm\u0131\u015ft\u0131r.<\/p>\n<p>\u00dcr\u00fcnlerimizi \u00fcretirken, en kaliteli malzemeleri kullanarak, en son teknolojiyi kullanarak ve en y\u00fcksek hijyen standartlar\u0131n\u0131 koruyarak her zaman en iyisini yapmaya \u00e7al\u0131\u015f\u0131yoruz. \u00dcr\u00fcnlerimizin her birinde, lezzetli tatlar sunmaya \u00f6zen g\u00f6steriyoruz. T\u00fcketicilerimizin g\u00fcvenini kazanmak ve beklentilerini kar\u015f\u0131lamak i\u00e7in elimizden gelenin en iyisini yap\u0131yoruz.<\/p>\n<p>Seval \u00c7ikolata ve \u015eekerleme olarak hedefimiz, m\u00fc\u015fterilerimizin hayat\u0131na tat katman\u0131n yan\u0131 s\u0131ra, sekt\u00f6r\u00fcm\u00fczde \u00f6nc\u00fc bir marka olmakt\u0131r. Misyonumuzu ger\u00e7ekle\u015ftirmek i\u00e7in, t\u00fcketicilerimize farkl\u0131 tatlar sunmaya devam edece\u011fiz ve her zaman en iyi kalitede \u00fcr\u00fcnlerimizi sunaca\u011f\u0131z. Ayn\u0131 zamanda, sekt\u00f6r\u00fcm\u00fczde yenilik\u00e7i bir g\u00fc\u00e7 olarak kalmaya ve gelecekteki \u015fekerleme ve \u00e7ikolata trendlerini belirlemeye devam edece\u011fiz.<\/p>\n<p>Seval \u015eekerleme olarak, misyonumuzla uyumlu olarak her zaman m\u00fc\u015fterilerimize en iyisini sunmak i\u00e7in \u00e7al\u0131\u015fmaya devam edece\u011fiz. T\u00fcketicilerimizin hayatlar\u0131na lezzet katmaya devam edece\u011fiz ve sekt\u00f6r\u00fcm\u00fczde \u00f6nc\u00fc bir marka olma hedefimize emin ad\u0131mlarla ilerleyece\u011fiz.[\/vc_column_text][\/vc_tta_section][\/vc_tta_tour][\/vc_column][\/vc_row]<\/p>\n","protected":false},"excerpt":{"rendered":"<p>[vc_row][vc_column][vc_tta_tour style=&#8221;modern&#8221; shape=&#8221;square&#8221; color=&#8221;juicy-pink&#8221; gap=&#8221;3&#8243; active_section=&#8221;1&#8243; no_fill_content_area=&#8221;true&#8221;][vc_tta_section i_icon_fontawesome=&#8221;fas fa-compress-arrows-alt&#8221; add_icon=&#8221;true&#8221; title=&#8221;Hakk\u0131m\u0131zda&#8221; tab_id=&#8221;1678904830332-80d4b9da-3fe2&#8243;][vc_column_text]Seval \u00c7ikolata ve \u015eekerleme, 1987 y\u0131l\u0131nda Konya&#8217;da kurulmu\u015f bir \u015fekerleme ve \u00e7ikolata \u00fcreticisidir. \u015eirketimiz, 36 y\u0131ldan fazla bir s\u00fcredir a\u011f\u0131zlar\u0131 tatland\u0131ran lezzetler \u00fcretmeye devam ediyor. \u0130ki bin metrekarelik modern ve hijyenik \u00fcretim tesisimiz, Konya&#8230;<\/p>\n","protected":false},"author":1,"featured_media":0,"parent":0,"menu_order":0,"comment_status":"closed","ping_status":"closed","template":"","meta":{"footnotes":""},"class_list":["post-2","page","type-page","status-publish","hentry"],"amp_enabled":true,"_links":{"self":[{"href":"https:\/\/www.sevalcikolata.com\/sa\/wp-json\/wp\/v2\/pages\/2","targetHints":{"allow":["GET"]}}],"collection":[{"href":"https:\/\/www.sevalcikolata.com\/sa\/wp-json\/wp\/v2\/pages"}],"about":[{"href":"https:\/\/www.sevalcikolata.com\/sa\/wp-json\/wp\/v2\/types\/page"}],"author":[{"embeddable":true,"href":"https:\/\/www.sevalcikolata.com\/sa\/wp-json\/wp\/v2\/users\/1"}],"replies":[{"embeddable":true,"href":"https:\/\/www.sevalcikolata.com\/sa\/wp-json\/wp\/v2\/comments?post=2"}],"version-history":[{"count":25,"href":"https:\/\/www.sevalcikolata.com\/sa\/wp-json\/wp\/v2\/pages\/2\/revisions"}],"predecessor-version":[{"id":2676,"href":"https:\/\/www.sevalcikolata.com\/sa\/wp-json\/wp\/v2\/pages\/2\/revisions\/2676"}],"wp:attachment":[{"href":"https:\/\/www.sevalcikolata.com\/sa\/wp-json\/wp\/v2\/media?parent=2"}],"curies":[{"name":"wp","href":"https:\/\/api.w.org\/{rel}","templated":true}]}}