{"id":2287,"date":"2023-03-17T08:22:22","date_gmt":"2023-03-17T08:22:22","guid":{"rendered":"https:\/\/www.sevalcikolata.com\/?page_id=2287"},"modified":"2024-05-07T11:11:52","modified_gmt":"2024-05-07T11:11:52","slug":"iletisim","status":"publish","type":"page","link":"https:\/\/www.sevalcikolata.com\/sa\/iletisim\/","title":{"rendered":"\u0130LET\u0130\u015e\u0130M"},"content":{"rendered":"<p>[vc_row][vc_column]\n<div class=\"wpcf7 no-js\" id=\"wpcf7-f1930-o1\" lang=\"en-US\" dir=\"ltr\" data-wpcf7-id=\"1930\">\n<div class=\"screen-reader-response\"><p role=\"status\" aria-live=\"polite\" aria-atomic=\"true\"><\/p> <ul><\/ul><\/div>\n<form action=\"\/sa\/wp-json\/wp\/v2\/pages\/2287#wpcf7-f1930-o1\" method=\"post\" class=\"wpcf7-form init\" aria-label=\"Contact form\" novalidate=\"novalidate\" data-status=\"init\">\n<fieldset class=\"hidden-fields-container\"><input type=\"hidden\" name=\"_wpcf7\" value=\"1930\" \/><input type=\"hidden\" name=\"_wpcf7_version\" value=\"6.1.5\" \/><input type=\"hidden\" name=\"_wpcf7_locale\" value=\"en_US\" \/><input type=\"hidden\" name=\"_wpcf7_unit_tag\" value=\"wpcf7-f1930-o1\" \/><input type=\"hidden\" name=\"_wpcf7_container_post\" value=\"0\" \/><input type=\"hidden\" name=\"_wpcf7_posted_data_hash\" value=\"\" \/><input type=\"hidden\" name=\"lang\" value=\"sa\" \/>\n<\/fieldset>\n<div class=\"sh-cf7-body\"><div class=\"row\">\n\t<div class=\"col-md-6\">\n\t\t<p><span class=\"wpcf7-form-control-wrap\" data-name=\"first-name\"><input size=\"40\" maxlength=\"400\" class=\"wpcf7-form-control wpcf7-text wpcf7-validates-as-required\" aria-required=\"true\" aria-invalid=\"false\" placeholder=\"Ad\u0131n\u0131z*\" value=\"\" type=\"text\" name=\"first-name\" \/><\/span>\n\t\t<\/p>\n\t<\/div>\n\t<div class=\"col-md-6\">\n\t\t<p><span class=\"wpcf7-form-control-wrap\" data-name=\"last-name\"><input size=\"40\" maxlength=\"400\" class=\"wpcf7-form-control wpcf7-text wpcf7-validates-as-required\" aria-required=\"true\" aria-invalid=\"false\" placeholder=\"Soyad\u0131n\u0131z*\" value=\"\" type=\"text\" name=\"last-name\" \/><\/span>\n\t\t<\/p>\n\t<\/div>\n<\/div>\n<div class=\"row\">\n\t<div class=\"col-md-6\">\n\t\t<p><span class=\"wpcf7-form-control-wrap\" data-name=\"your-email\"><input size=\"40\" maxlength=\"400\" class=\"wpcf7-form-control wpcf7-email wpcf7-validates-as-required wpcf7-text wpcf7-validates-as-email\" aria-required=\"true\" aria-invalid=\"false\" placeholder=\"E-mail*\" value=\"\" type=\"email\" name=\"your-email\" \/><\/span>\n\t\t<\/p>\n\t<\/div>\n\t<div class=\"col-md-6\">\n\t\t<p><span class=\"wpcf7-form-control-wrap\" data-name=\"tel\"><input size=\"40\" maxlength=\"400\" class=\"wpcf7-form-control wpcf7-text wpcf7-validates-as-required\" aria-required=\"true\" aria-invalid=\"false\" placeholder=\"Telefon Numaran\u0131z*\" value=\"\" type=\"text\" name=\"tel\" \/><\/span>\n\t\t<\/p>\n\t<\/div>\n<\/div>\n<div class=\"row\">\n\t<div class=\"col-md-6\">\n\t\t<p><span class=\"wpcf7-form-control-wrap\" data-name=\"text\"><input size=\"40\" maxlength=\"400\" class=\"wpcf7-form-control wpcf7-text wpcf7-validates-as-required\" aria-required=\"true\" aria-invalid=\"false\" placeholder=\"Konu*\" value=\"\" type=\"text\" name=\"text\" \/><\/span>\n\t\t<\/p>\n\t<\/div>\n\t<div class=\"col-md-4\">\n\t\t<p><span class=\"wpcf7-form-control-wrap\" data-name=\"persons\"><select class=\"wpcf7-form-control wpcf7-select wpcf7-validates-as-required\" aria-required=\"true\" aria-invalid=\"false\" name=\"persons\"><option value=\"\">\u00dcR\u00dcN*<\/option><option value=\"\u00c7\u0130KOLATA\">\u00c7\u0130KOLATA<\/option><option value=\"\u015eEKERLEME\">\u015eEKERLEME<\/option><option value=\"HED\u0130YEL\u0130K\">HED\u0130YEL\u0130K<\/option><\/select><\/span>\n\t\t<\/p>\n\t<\/div>\n<\/div>\n<div class=\"text-center\">\n\t<p><input class=\"wpcf7-form-control wpcf7-submit has-spinner\" type=\"submit\" value=\"G\u00d6NDER\" \/>\n\t<\/p>\n<\/div><\/div><div class=\"wpcf7-response-output\" aria-hidden=\"true\"><\/div>\n<\/form>\n<\/div>\n[vc_separator border_width=&#8221;3&#8243;][\/vc_column][\/vc_row][vc_row][vc_column width=&#8221;1\/4&#8243;][vc_column_text]<strong>ADRES:<\/strong><\/p>\n<p>Yeni \u015eekerciler Sitesi.<br \/>\nFevzi \u00c7akmak Mh. \u00d6zkafa Sk.<br \/>\nNo : 15 42030<br \/>\nKaratay\/KONYA\/TURKEY<\/p>\n<p><strong>Tel:<\/strong> +90 332 342 33 22<br \/>\n<strong>Eposta:<\/strong> \u00a0<a href=\"mailto:seval@sevalcikolata.com\">seval@sevalcikolata.com<\/a>[\/vc_column_text][\/vc_column][vc_column width=&#8221;3\/4&#8243;][vc_raw_html]JTNDaWZyYW1lJTIwc3JjJTNEJTIyaHR0cHMlM0ElMkYlMkZ3d3cuZ29vZ2xlLmNvbSUyRm1hcHMlMkZlbWJlZCUzRnBiJTNEJTIxMW0xNCUyMTFtOCUyMTFtMyUyMTFkMTI1OTEuOTcwOTc1MDI1OTcyJTIxMmQzMi41MzMwNTQ3JTIxM2QzNy45MDcyMzIzJTIxM20yJTIxMWkxMDI0JTIxMmk3NjglMjE0ZjEzLjElMjEzbTMlMjExbTIlMjExczB4MTRkMDhmZTA4ODA3M2VmMyUyNTNBMHg2OTFlMTg3YzU1MDNjMzU2JTIxMnNTZXZhbCUyNTIwJTI1QzUlMjU5RWVrZXJsZW1lJTI1MjAlMjUyNiUyNTIwJTI1QzMlMjU4N2lrb2xhdGElMjE1ZTAlMjEzbTIlMjExc3RyJTIxMnN0ciUyMTR2MTY3OTA0MTMwMjMzNSUyMTVtMiUyMTFzdHIlMjEyc3RyJTIyJTIwd2lkdGglM0QlMjIxMDAlMjUlMjIlMjBoZWlnaHQlM0QlMjIyNTAlMjIlMjBzdHlsZSUzRCUyMmJvcmRlciUzQTAlM0IlMjIlMjBhbGxvd2Z1bGxzY3JlZW4lM0QlMjIlMjIlMjBsb2FkaW5nJTNEJTIybGF6eSUyMiUyMHJlZmVycmVycG9saWN5JTNEJTIybm8tcmVmZXJyZXItd2hlbi1kb3duZ3JhZGUlMjIlM0UlM0MlMkZpZnJhbWUlM0U=[\/vc_raw_html][\/vc_column][\/vc_row]<\/p>\n","protected":false},"excerpt":{"rendered":"<p>[vc_row][vc_column] \u00dcR\u00dcN*\u00c7\u0130KOLATA\u015eEKERLEMEHED\u0130YEL\u0130K [vc_separator border_width=&#8221;3&#8243;][\/vc_column][\/vc_row][vc_row][vc_column width=&#8221;1\/4&#8243;][vc_column_text]ADRES: Yeni \u015eekerciler Sitesi. Fevzi \u00c7akmak Mh. \u00d6zkafa Sk. No : 15 42030 Karatay\/KONYA\/TURKEY Tel: +90 332 342 33 22 Eposta: \u00a0seval@sevalcikolata.com[\/vc_column_text][\/vc_column][vc_column width=&#8221;3\/4&#8243;][vc_raw_html]JTNDaWZyYW1lJTIwc3JjJTNEJTIyaHR0cHMlM0ElMkYlMkZ3d3cuZ29vZ2xlLmNvbSUyRm1hcHMlMkZlbWJlZCUzRnBiJTNEJTIxMW0xNCUyMTFtOCUyMTFtMyUyMTFkMTI1OTEuOTcwOTc1MDI1OTcyJTIxMmQzMi41MzMwNTQ3JTIxM2QzNy45MDcyMzIzJTIxM20yJTIxMWkxMDI0JTIxMmk3NjglMjE0ZjEzLjElMjEzbTMlMjExbTIlMjExczB4MTRkMDhmZTA4ODA3M2VmMyUyNTNBMHg2OTFlMTg3YzU1MDNjMzU2JTIxMnNTZXZhbCUyNTIwJTI1QzUlMjU5RWVrZXJsZW1lJTI1MjAlMjUyNiUyNTIwJTI1QzMlMjU4N2lrb2xhdGElMjE1ZTAlMjEzbTIlMjExc3RyJTIxMnN0ciUyMTR2MTY3OTA0MTMwMjMzNSUyMTVtMiUyMTFzdHIlMjEyc3RyJTIyJTIwd2lkdGglM0QlMjIxMDAlMjUlMjIlMjBoZWlnaHQlM0QlMjIyNTAlMjIlMjBzdHlsZSUzRCUyMmJvcmRlciUzQTAlM0IlMjIlMjBhbGxvd2Z1bGxzY3JlZW4lM0QlMjIlMjIlMjBsb2FkaW5nJTNEJTIybGF6eSUyMiUyMHJlZmVycmVycG9saWN5JTNEJTIybm8tcmVmZXJyZXItd2hlbi1kb3duZ3JhZGUlMjIlM0UlM0MlMkZpZnJhbWUlM0U=[\/vc_raw_html][\/vc_column][\/vc_row]<\/p>\n","protected":false},"author":1,"featured_media":0,"parent":0,"menu_order":0,"comment_status":"closed","ping_status":"closed","template":"","meta":{"footnotes":""},"class_list":["post-2287","page","type-page","status-publish","hentry"],"amp_enabled":true,"_links":{"self":[{"href":"https:\/\/www.sevalcikolata.com\/sa\/wp-json\/wp\/v2\/pages\/2287","targetHints":{"allow":["GET"]}}],"collection":[{"href":"https:\/\/www.sevalcikolata.com\/sa\/wp-json\/wp\/v2\/pages"}],"about":[{"href":"https:\/\/www.sevalcikolata.com\/sa\/wp-json\/wp\/v2\/types\/page"}],"author":[{"embeddable":true,"href":"https:\/\/www.sevalcikolata.com\/sa\/wp-json\/wp\/v2\/users\/1"}],"replies":[{"embeddable":true,"href":"https:\/\/www.sevalcikolata.com\/sa\/wp-json\/wp\/v2\/comments?post=2287"}],"version-history":[{"count":16,"href":"https:\/\/www.sevalcikolata.com\/sa\/wp-json\/wp\/v2\/pages\/2287\/revisions"}],"predecessor-version":[{"id":2717,"href":"https:\/\/www.sevalcikolata.com\/sa\/wp-json\/wp\/v2\/pages\/2287\/revisions\/2717"}],"wp:attachment":[{"href":"https:\/\/www.sevalcikolata.com\/sa\/wp-json\/wp\/v2\/media?parent=2287"}],"curies":[{"name":"wp","href":"https:\/\/api.w.org\/{rel}","templated":true}]}}